{"id":116,"date":"2017-11-02T16:05:10","date_gmt":"2017-11-02T15:05:10","guid":{"rendered":"http:\/\/met-lab-tunisia.com\/?page_id=116"},"modified":"2017-11-02T16:05:10","modified_gmt":"2017-11-02T15:05:10","slug":"vernissage-uv-et-pu","status":"publish","type":"page","link":"https:\/\/met-lab-tunisia.com\/index.php\/vernissage-uv-et-pu\/","title":{"rendered":"Vernissage UV et PU"},"content":{"rendered":"<div id=\"contentSidebar\">\n<h3>Design<\/h3>\n<p>Le vernissage vise \u00e0 prot\u00e9ger, colorer, ou modifier l\u2019aspect de produits en plastique, bouchons, capots ou flacons.<br \/>\nIl permet notamment d\u2019uniformiser ou d\u2019harmoniser l\u2019aspect de deux produits positionn\u00e9s en regard l\u2019un de l\u2019autre.<br \/>\nPlus r\u00e9sistant m\u00e9caniquement et chimiquement que certains mat\u00e9riaux, vecteur de propri\u00e9t\u00e9s barri\u00e8res physico-chimiques, le vernissage est utilis\u00e9 en finition technique d\u2019un contenant plastique.<\/p>\n<h3>Production<\/h3>\n<p>Le vernissage s\u2019effectue sur ligne automatis\u00e9e et consiste \u00e0 appliquer des vernis par pulv\u00e9risation fine.<br \/>\nCes vernis peuvent \u00eatre \u00e0 polym\u00e9risation thermique (vernis \u00ab\u00a0PU\u00a0\u00bb) ou \u00e0 durcissement sous rayonnement ultra-violet (vernis \u00ab\u00a0UV\u00a0\u00bb).<\/p>\n<h3>S\u00e9ries<\/h3>\n<p>Le vernissage permet la r\u00e9alisation de petites et grandes s\u00e9ries, de 500 \u00e0 500.000 unit\u00e9s.<\/p>\n<h3>Pi\u00e8ces<\/h3>\n<p>Du bouchon d\u2019\u00e9chantillon au couvercle de pot 200 ml, le vernissage traite tous les mod\u00e8les d\u2019une ligne de produits, quelque soit le fabricant ou la technique de fabrication.<br \/>\nSans que cette liste soit limitative, les mat\u00e9riaux les plus couramment vernis sont l\u2019ABS, le SAN et le polypropyl\u00e8ne.<\/p>\n<\/div>\n","protected":false},"excerpt":{"rendered":"<p>Design Le vernissage vise \u00e0 prot\u00e9ger, colorer, ou modifier l\u2019aspect de produits en plastique, bouchons, capots ou flacons. Il permet notamment d\u2019uniformiser ou d\u2019harmoniser l\u2019aspect de deux produits positionn\u00e9s en regard l\u2019un de l\u2019autre. Plus r\u00e9sistant m\u00e9caniquement et chimiquement que certains mat\u00e9riaux, vecteur de propri\u00e9t\u00e9s barri\u00e8res physico-chimiques, le vernissage est utilis\u00e9 en finition technique d\u2019un [&hellip;]<\/p>\n","protected":false},"author":1,"featured_media":0,"parent":0,"menu_order":0,"comment_status":"closed","ping_status":"closed","template":"","meta":{"spay_email":""},"_links":{"self":[{"href":"https:\/\/met-lab-tunisia.com\/index.php\/wp-json\/wp\/v2\/pages\/116"}],"collection":[{"href":"https:\/\/met-lab-tunisia.com\/index.php\/wp-json\/wp\/v2\/pages"}],"about":[{"href":"https:\/\/met-lab-tunisia.com\/index.php\/wp-json\/wp\/v2\/types\/page"}],"author":[{"embeddable":true,"href":"https:\/\/met-lab-tunisia.com\/index.php\/wp-json\/wp\/v2\/users\/1"}],"replies":[{"embeddable":true,"href":"https:\/\/met-lab-tunisia.com\/index.php\/wp-json\/wp\/v2\/comments?post=116"}],"version-history":[{"count":1,"href":"https:\/\/met-lab-tunisia.com\/index.php\/wp-json\/wp\/v2\/pages\/116\/revisions"}],"predecessor-version":[{"id":168,"href":"https:\/\/met-lab-tunisia.com\/index.php\/wp-json\/wp\/v2\/pages\/116\/revisions\/168"}],"wp:attachment":[{"href":"https:\/\/met-lab-tunisia.com\/index.php\/wp-json\/wp\/v2\/media?parent=116"}],"curies":[{"name":"wp","href":"https:\/\/api.w.org\/{rel}","templated":true}]}}