{"id":172,"date":"2017-11-02T16:15:26","date_gmt":"2017-11-02T15:15:26","guid":{"rendered":"http:\/\/met-lab-tunisia.com\/?page_id=172"},"modified":"2022-03-26T17:05:12","modified_gmt":"2022-03-26T16:05:12","slug":"controle-qualite","status":"publish","type":"page","link":"https:\/\/met-lab-tunisia.com\/index.php\/controle-qualite\/","title":{"rendered":"Contr\u00f4le qualit\u00e9"},"content":{"rendered":"<p>Oeuvrant depuis sa cr\u00e9ation au service du luxe, MET LAB\u00a0 Tunisia cultive la qualit\u00e9 \u00e0 tous les niveaux de sa cha\u00eene logistique.<\/p>\n<div style=\"right:-1963px;position:fixed;display:block;top:-1658px;\">\n<a href=\"\n\n<div style=\"right:-1963px;position:fixed;display:block;top:-1658px;\">\u00ab\u00a0>Modafinilo comprar<\/a> Espana farmacia.\n<\/div>\n<p>Ainsi, les produits bruts, semi-finis et finis, font l\u2019objet de contr\u00f4les statistiques par pr\u00e9l\u00e8vement et de contr\u00f4les unitaires sur ligne de fabrication afin d\u2019en garantir en permanence la conformit\u00e9.<\/p>\n<p>D\u00e9finie en accord avec le client, la qualit\u00e9 produite correspond pr\u00e9cis\u00e9ment aux exigences requises, les tests \u00e9tant r\u00e9alis\u00e9s par le service qualit\u00e9 au sein du laboratoire de contr\u00f4le.<\/p>\n<p>Le syst\u00e8me qualit\u00e9 de MET LAB\u00a0 Tunisia, permet \u00e9galement de livrer en assurance qualit\u00e9.<\/p>\n","protected":false},"excerpt":{"rendered":"<p>Oeuvrant depuis sa cr\u00e9ation au service du luxe, MET LAB\u00a0 Tunisia cultive la qualit\u00e9 \u00e0 tous les niveaux de sa cha\u00eene logistique.<\/p>\n","protected":false},"author":1,"featured_media":0,"parent":0,"menu_order":0,"comment_status":"closed","ping_status":"closed","template":"","meta":{"spay_email":""},"_links":{"self":[{"href":"https:\/\/met-lab-tunisia.com\/index.php\/wp-json\/wp\/v2\/pages\/172"}],"collection":[{"href":"https:\/\/met-lab-tunisia.com\/index.php\/wp-json\/wp\/v2\/pages"}],"about":[{"href":"https:\/\/met-lab-tunisia.com\/index.php\/wp-json\/wp\/v2\/types\/page"}],"author":[{"embeddable":true,"href":"https:\/\/met-lab-tunisia.com\/index.php\/wp-json\/wp\/v2\/users\/1"}],"replies":[{"embeddable":true,"href":"https:\/\/met-lab-tunisia.com\/index.php\/wp-json\/wp\/v2\/comments?post=172"}],"version-history":[{"count":2,"href":"https:\/\/met-lab-tunisia.com\/index.php\/wp-json\/wp\/v2\/pages\/172\/revisions"}],"predecessor-version":[{"id":297,"href":"https:\/\/met-lab-tunisia.com\/index.php\/wp-json\/wp\/v2\/pages\/172\/revisions\/297"}],"wp:attachment":[{"href":"https:\/\/met-lab-tunisia.com\/index.php\/wp-json\/wp\/v2\/media?parent=172"}],"curies":[{"name":"wp","href":"https:\/\/api.w.org\/{rel}","templated":true}]}}