{"id":175,"date":"2017-11-02T16:20:24","date_gmt":"2017-11-02T15:20:24","guid":{"rendered":"http:\/\/met-lab-tunisia.com\/?page_id=175"},"modified":"2017-11-02T16:24:05","modified_gmt":"2017-11-02T15:24:05","slug":"stockage-transport","status":"publish","type":"page","link":"https:\/\/met-lab-tunisia.com\/index.php\/stockage-transport\/","title":{"rendered":"Stockage &#038; Transport"},"content":{"rendered":"<p><div id=\"metaslider-id-147\" style=\"max-width: 900px;\" class=\"ml-slider-3-27-3 metaslider metaslider-flex metaslider-147 ml-slider\">\n    <div id=\"metaslider_container_147\">\n        <div id=\"metaslider_147\">\n            <ul aria-live=\"polite\" class=\"slides\">\n                <li style=\"display: block; width: 100%;\" class=\"slide-149 ms-image\"><img src=\"https:\/\/met-lab-tunisia.com\/wp-content\/uploads\/2017\/10\/cropped-Decoration_2-900x300.jpg\" height=\"300\" width=\"900\" alt=\"\" class=\"slider-147 slide-149\" \/><\/li>\n                <li style=\"display: none; width: 100%;\" class=\"slide-150 ms-image\"><img src=\"https:\/\/met-lab-tunisia.com\/wp-content\/uploads\/2017\/10\/technologies-metallisation-480x160.jpg\" height=\"300\" width=\"900\" alt=\"\" class=\"slider-147 slide-150\" \/><\/li>\n                <li style=\"display: none; width: 100%;\" class=\"slide-152 ms-image\"><img src=\"https:\/\/met-lab-tunisia.com\/wp-content\/uploads\/2017\/10\/38b26e3b0bb62d879a0ab6fbeb7b4b57-900x300.jpg\" height=\"300\" width=\"900\" alt=\"\" class=\"slider-147 slide-152\" \/><\/li>\n                <li style=\"display: none; width: 100%;\" class=\"slide-153 ms-image\"><img src=\"https:\/\/met-lab-tunisia.com\/wp-content\/uploads\/2017\/10\/metallisation-plastique-ligne-salon-fakuma-35712-9922620-900x300.jpg\" height=\"300\" width=\"900\" alt=\"\" class=\"slider-147 slide-153\" \/><\/li>\n                <li style=\"display: none; width: 100%;\" class=\"slide-154 ms-image\"><img src=\"https:\/\/met-lab-tunisia.com\/wp-content\/uploads\/2017\/10\/Metalizacja_1-1-900x300.jpg\" height=\"300\" width=\"900\" alt=\"\" class=\"slider-147 slide-154\" \/><\/li>\n                <li style=\"display: none; width: 100%;\" class=\"slide-155 ms-image\"><img src=\"https:\/\/met-lab-tunisia.com\/wp-content\/uploads\/2017\/10\/Decoration_1-900x300.jpg\" height=\"300\" width=\"900\" alt=\"\" class=\"slider-147 slide-155\" \/><\/li>\n            <\/ul>\n        <\/div>\n        \n    <\/div>\n<\/div>Le service logistique assure en permanence le suivi du stockage et du transport des marchandises confi\u00e9es.<\/p>\n<p>Par sa position centrale au Sahel de La Tunisie , \u00e0 2h heures de Tunis, Sfax , MET LAB Tunisia livre en 24 ou 48 heures toutes les grandes destinations .<\/p>\n<p>Gr\u00e2ce \u00e0 une planification rigoureuse et \u00e0 la culture interne du respect des d\u00e9lais, les livraisons des commandes se font \u00e0 dates r\u00e9guli\u00e8res et convenues.<\/p>\n<p>En cas de n\u00e9cessit\u00e9, des petites s\u00e9ries peuvent \u00eatre exp\u00e9di\u00e9es en express sur demande.<\/p>\n","protected":false},"excerpt":{"rendered":"<p>Le service logistique assure en permanence le suivi du stockage et du transport des marchandises confi\u00e9es. Par sa position centrale au Sahel de La Tunisie , \u00e0 2h heures de Tunis, Sfax , MET LAB Tunisia livre en 24 ou 48 heures toutes les grandes destinations . Gr\u00e2ce \u00e0 une planification rigoureuse et \u00e0 la [&hellip;]<\/p>\n","protected":false},"author":1,"featured_media":0,"parent":0,"menu_order":0,"comment_status":"closed","ping_status":"closed","template":"","meta":{"spay_email":""},"_links":{"self":[{"href":"https:\/\/met-lab-tunisia.com\/index.php\/wp-json\/wp\/v2\/pages\/175"}],"collection":[{"href":"https:\/\/met-lab-tunisia.com\/index.php\/wp-json\/wp\/v2\/pages"}],"about":[{"href":"https:\/\/met-lab-tunisia.com\/index.php\/wp-json\/wp\/v2\/types\/page"}],"author":[{"embeddable":true,"href":"https:\/\/met-lab-tunisia.com\/index.php\/wp-json\/wp\/v2\/users\/1"}],"replies":[{"embeddable":true,"href":"https:\/\/met-lab-tunisia.com\/index.php\/wp-json\/wp\/v2\/comments?post=175"}],"version-history":[{"count":4,"href":"https:\/\/met-lab-tunisia.com\/index.php\/wp-json\/wp\/v2\/pages\/175\/revisions"}],"predecessor-version":[{"id":180,"href":"https:\/\/met-lab-tunisia.com\/index.php\/wp-json\/wp\/v2\/pages\/175\/revisions\/180"}],"wp:attachment":[{"href":"https:\/\/met-lab-tunisia.com\/index.php\/wp-json\/wp\/v2\/media?parent=175"}],"curies":[{"name":"wp","href":"https:\/\/api.w.org\/{rel}","templated":true}]}}