{"id":305,"date":"2022-04-23T11:04:11","date_gmt":"2022-04-23T09:04:11","guid":{"rendered":"http:\/\/met-lab-tunisia.com\/index.php\/home\/"},"modified":"2022-05-25T18:31:19","modified_gmt":"2022-05-25T16:31:19","slug":"home","status":"publish","type":"page","link":"https:\/\/met-lab-tunisia.com\/","title":{"rendered":"MET LAB TUNISIA"},"content":{"rendered":"\n<h1><\/h1>\n\n\n\n<p> situ\u00e9e au centre de la Tunisie, est sp\u00e9cialis\u00e9e dans le traitement de surface (mat\u00e9riaux ferreux &amp; non ferreux).<\/p>\n\n\n\n<p>Nous offrons une large gamme de traitements pour diff\u00e9rents secteurs d\u2019activit\u00e9s&nbsp;: le cosm\u00e9tique, l\u2019industrie automobile, l\u2019industrie moto, les jouets, l\u2019\u00e9lectrom\u00e9nager etc.<\/p>\n\n\n\n<p>En effet, \u00e0 travers nos techniciens et notre centre de R&amp;D, une solution personnalis\u00e9e pour chaque client est mise en place afin de lui garantir un r\u00e9sultat irr\u00e9prochable.<\/p>\n\n\n\n<p>Nous enrichissons efficacement nos connaissances et nos comp\u00e9tences et investissons dans le d\u00e9veloppement de capacit\u00e9s technologiques et de production.<\/p>\n\n\n\n<h2>Nos forces :<\/h2>\n\n\n\n<p>R\u00e9activit\u00e9<\/p>\n\n\n\n<p>Travail de qualit\u00e9<\/p>\n\n\n\n<p>Service Apr\u00e8s-vente<\/p>\n\n\n\n<p>Rapidit\u00e9 d\u2019intervention<\/p>\n\n\n\n<h2>NOS VALEURS<\/h2>\n\n\n\n<p>Les valeurs de MET LAB TUNISIA ont \u00e9t\u00e9 d\u00e9finies et approuv\u00e9es par l\u2019ensemble des employ\u00e9s afin de correspondre au mieux aux attentes et aspirations de chacun au quotidien.<\/p>\n\n\n\n<p>&nbsp;CR\u00c9ATIVIT\u00c9<\/p>\n\n\n\n<p>&nbsp;RESPONSABILIT\u00c9<\/p>\n\n\n\n<p>&nbsp;ESPRIT D&rsquo;\u00c9QUIPE<\/p>\n\n\n\n<p>&nbsp;RESPECT<\/p>\n","protected":false},"excerpt":{"rendered":"<p>situ\u00e9e au centre de la Tunisie, est sp\u00e9cialis\u00e9e dans le traitement de surface (mat\u00e9riaux ferreux &amp; non ferreux). Nous offrons une large gamme de traitements pour diff\u00e9rents secteurs d\u2019activit\u00e9s&nbsp;: le cosm\u00e9tique, l\u2019industrie automobile, l\u2019industrie moto, les jouets, l\u2019\u00e9lectrom\u00e9nager etc. En effet, \u00e0 travers nos techniciens et notre centre de R&amp;D, une solution personnalis\u00e9e pour chaque [&hellip;]<\/p>\n","protected":false},"author":1,"featured_media":0,"parent":0,"menu_order":0,"comment_status":"closed","ping_status":"closed","template":"","meta":{"spay_email":""},"_links":{"self":[{"href":"https:\/\/met-lab-tunisia.com\/index.php\/wp-json\/wp\/v2\/pages\/305"}],"collection":[{"href":"https:\/\/met-lab-tunisia.com\/index.php\/wp-json\/wp\/v2\/pages"}],"about":[{"href":"https:\/\/met-lab-tunisia.com\/index.php\/wp-json\/wp\/v2\/types\/page"}],"author":[{"embeddable":true,"href":"https:\/\/met-lab-tunisia.com\/index.php\/wp-json\/wp\/v2\/users\/1"}],"replies":[{"embeddable":true,"href":"https:\/\/met-lab-tunisia.com\/index.php\/wp-json\/wp\/v2\/comments?post=305"}],"version-history":[{"count":3,"href":"https:\/\/met-lab-tunisia.com\/index.php\/wp-json\/wp\/v2\/pages\/305\/revisions"}],"predecessor-version":[{"id":390,"href":"https:\/\/met-lab-tunisia.com\/index.php\/wp-json\/wp\/v2\/pages\/305\/revisions\/390"}],"wp:attachment":[{"href":"https:\/\/met-lab-tunisia.com\/index.php\/wp-json\/wp\/v2\/media?parent=305"}],"curies":[{"name":"wp","href":"https:\/\/api.w.org\/{rel}","templated":true}]}}